{"id":42066,"date":"2024-01-12T09:29:44","date_gmt":"2024-01-12T09:29:44","guid":{"rendered":"https:\/\/spordiareenid.ee\/?post_type=product&#038;p=42066"},"modified":"2024-03-27T19:36:35","modified_gmt":"2024-03-27T19:36:35","slug":"street-workout-setups","status":"publish","type":"product","link":"https:\/\/spordiareenid.ee\/en\/product\/street-workout-setups\/","title":{"rendered":"Street workout setups"},"content":{"rendered":"<p>Downloads:<\/p>\n<ul>\n<li><strong><a href=\"https:\/\/spordiareenid.ee\/wp-content\/uploads\/2024\/01\/SA_SS_Joulinnakud_tehtud_tood_1.pdf\" target=\"_blank\" rel=\"noopener\">SA_SS_J\u00f5ulinnakud_tehtud_t\u00f6\u00f6d_1<\/a> <\/strong><\/li>\n<li><strong><a href=\"https:\/\/spordiareenid.ee\/wp-content\/uploads\/2024\/01\/SA_SS_Joulinnakud_tehtud_tood_2.pdf\" target=\"_blank\" rel=\"noopener\">SA_SS_J\u00f5ulinnakud_tehtud_t\u00f6\u00f6d_2<\/a><\/strong><\/li>\n<li><strong><a href=\"https:\/\/spordiareenid.ee\/wp-content\/uploads\/2024\/01\/SA_SS_Joulinnakud_tehtud_tood_3.pdf\" target=\"_blank\" rel=\"noopener\">SA_SS_J\u00f5ulinnakud_tehtud_t\u00f6\u00f6d_3<\/a>\u00a0<\/strong><\/li>\n<\/ul>\n<p>Welcome to our unique world of calisthenics parks, where every detail is designed to achieve the perfect balance of strength, durability, and harmony. We are experts in this field, with extensive experience and a passion for bodyweight training that has led us to create the highest quality calisthenics equipment. Our products are developed from personal training sessions and thorough research to ensure the best possible training experience for every user. Our goal is to inspire people around the world to embark on a journey towards a stronger and healthier self, providing them with the tools that are built to last. Come and discover how our calisthenics parks can transform your workouts and help you achieve your fitness goals.<\/p>\n","protected":false},"excerpt":{"rendered":"<p>Different type of street workout setups based on the desired need for specific exercises. We are offering full service including ground and concrete works along with installing the street workout setup.<\/p>\n","protected":false},"featured_media":42075,"template":"","meta":{"_acf_changed":false,"inline_featured_image":false},"product_brand":[],"product_cat":[387,272,270,346,347,308],"product_tag":[],"class_list":{"0":"post-42066","1":"product","2":"type-product","3":"status-publish","4":"has-post-thumbnail","6":"product_cat-joulinnakud","7":"product_cat-koolisport","8":"product_cat-hoovisport","9":"product_cat-joutreening","10":"product_cat-teised-tooted-13-et","11":"product_cat-teised-tooted-2-et","13":"first","14":"instock","15":"shipping-taxable","16":"product-type-simple"},"acf":[],"yoast_head":"<!-- This site is optimized with the Yoast SEO plugin v25.7 - https:\/\/yoast.com\/wordpress\/plugins\/seo\/ -->\n<title>Street workout setups - spordiareenid.ee<\/title>\n<meta name=\"description\" content=\"Different type of street workout setups based on the desired need for specific exercises.\" \/>\n<meta name=\"robots\" content=\"index, follow, max-snippet:-1, max-image-preview:large, max-video-preview:-1\" \/>\n<link rel=\"canonical\" href=\"https:\/\/spordiareenid.ee\/product\/street-workout-setups\/\" \/>\n<meta property=\"og:locale\" content=\"en_US\" \/>\n<meta property=\"og:type\" content=\"article\" \/>\n<meta property=\"og:title\" content=\"Street workout setups - spordiareenid.ee\" \/>\n<meta property=\"og:description\" content=\"Different type of street workout setups based on the desired need for specific exercises.\" \/>\n<meta property=\"og:url\" content=\"https:\/\/spordiareenid.ee\/product\/street-workout-setups\/\" \/>\n<meta property=\"og:site_name\" content=\"spordiareenid.ee\" \/>\n<meta property=\"article:publisher\" content=\"https:\/\/www.facebook.com\/spordiareenid\" \/>\n<meta property=\"article:modified_time\" content=\"2024-03-27T19:36:35+00:00\" \/>\n<meta property=\"og:image\" content=\"https:\/\/spordiareenid.ee\/wp-content\/uploads\/2024\/01\/Spordiareenid_joulinnakud_Pirita_1_2016.jpg\" \/>\n\t<meta property=\"og:image:width\" content=\"800\" \/>\n\t<meta property=\"og:image:height\" content=\"800\" \/>\n\t<meta property=\"og:image:type\" content=\"image\/jpeg\" \/>\n<meta name=\"twitter:card\" content=\"summary_large_image\" \/>\n<meta name=\"twitter:label1\" content=\"Est. reading time\" \/>\n\t<meta name=\"twitter:data1\" content=\"1 minute\" \/>\n<script type=\"application\/ld+json\" class=\"yoast-schema-graph\">{\"@context\":\"https:\/\/schema.org\",\"@graph\":[{\"@type\":\"WebPage\",\"@id\":\"https:\/\/spordiareenid.ee\/product\/street-workout-setups\/\",\"url\":\"https:\/\/spordiareenid.ee\/product\/street-workout-setups\/\",\"name\":\"Street workout setups - spordiareenid.ee\",\"isPartOf\":{\"@id\":\"https:\/\/spordiareenid.ee\/#website\"},\"primaryImageOfPage\":{\"@id\":\"https:\/\/spordiareenid.ee\/product\/street-workout-setups\/#primaryimage\"},\"image\":{\"@id\":\"https:\/\/spordiareenid.ee\/product\/street-workout-setups\/#primaryimage\"},\"thumbnailUrl\":\"https:\/\/spordiareenid.ee\/wp-content\/uploads\/2024\/01\/Spordiareenid_joulinnakud_Pirita_1_2016.jpg\",\"datePublished\":\"2024-01-12T09:29:44+00:00\",\"dateModified\":\"2024-03-27T19:36:35+00:00\",\"description\":\"Different type of street workout setups based on the desired need for specific exercises.\",\"breadcrumb\":{\"@id\":\"https:\/\/spordiareenid.ee\/product\/street-workout-setups\/#breadcrumb\"},\"inLanguage\":\"en-US\",\"potentialAction\":[{\"@type\":\"ReadAction\",\"target\":[\"https:\/\/spordiareenid.ee\/product\/street-workout-setups\/\"]}]},{\"@type\":\"ImageObject\",\"inLanguage\":\"en-US\",\"@id\":\"https:\/\/spordiareenid.ee\/product\/street-workout-setups\/#primaryimage\",\"url\":\"https:\/\/spordiareenid.ee\/wp-content\/uploads\/2024\/01\/Spordiareenid_joulinnakud_Pirita_1_2016.jpg\",\"contentUrl\":\"https:\/\/spordiareenid.ee\/wp-content\/uploads\/2024\/01\/Spordiareenid_joulinnakud_Pirita_1_2016.jpg\",\"width\":800,\"height\":800},{\"@type\":\"BreadcrumbList\",\"@id\":\"https:\/\/spordiareenid.ee\/product\/street-workout-setups\/#breadcrumb\",\"itemListElement\":[{\"@type\":\"ListItem\",\"position\":1,\"name\":\"Home\",\"item\":\"https:\/\/spordiareenid.ee\/en\/\"},{\"@type\":\"ListItem\",\"position\":2,\"name\":\"Catalogue\",\"item\":\"https:\/\/spordiareenid.ee\/en\/catalogue\/\"},{\"@type\":\"ListItem\",\"position\":3,\"name\":\"Street workout setups\"}]},{\"@type\":\"WebSite\",\"@id\":\"https:\/\/spordiareenid.ee\/#website\",\"url\":\"https:\/\/spordiareenid.ee\/\",\"name\":\"spordiareenid.ee\",\"description\":\"Spordiv&auml;ljakute rajamise spetsialist - Spordiareenid O&Uuml;\",\"publisher\":{\"@id\":\"https:\/\/spordiareenid.ee\/#organization\"},\"potentialAction\":[{\"@type\":\"SearchAction\",\"target\":{\"@type\":\"EntryPoint\",\"urlTemplate\":\"https:\/\/spordiareenid.ee\/?s={search_term_string}\"},\"query-input\":{\"@type\":\"PropertyValueSpecification\",\"valueRequired\":true,\"valueName\":\"search_term_string\"}}],\"inLanguage\":\"en-US\"},{\"@type\":\"Organization\",\"@id\":\"https:\/\/spordiareenid.ee\/#organization\",\"name\":\"Spordiareenid\",\"url\":\"https:\/\/spordiareenid.ee\/\",\"logo\":{\"@type\":\"ImageObject\",\"inLanguage\":\"en-US\",\"@id\":\"https:\/\/spordiareenid.ee\/#\/schema\/logo\/image\/\",\"url\":\"https:\/\/spordiareenid.ee\/wp-content\/uploads\/2022\/06\/Spordiareenid.png\",\"contentUrl\":\"https:\/\/spordiareenid.ee\/wp-content\/uploads\/2022\/06\/Spordiareenid.png\",\"width\":170,\"height\":170,\"caption\":\"Spordiareenid\"},\"image\":{\"@id\":\"https:\/\/spordiareenid.ee\/#\/schema\/logo\/image\/\"},\"sameAs\":[\"https:\/\/www.facebook.com\/spordiareenid\",\"https:\/\/www.instagram.com\/spordiareenid\/\"]}]}<\/script>\n<!-- \/ Yoast SEO plugin. -->","yoast_head_json":{"title":"Street workout setups - spordiareenid.ee","description":"Different type of street workout setups based on the desired need for specific exercises.","robots":{"index":"index","follow":"follow","max-snippet":"max-snippet:-1","max-image-preview":"max-image-preview:large","max-video-preview":"max-video-preview:-1"},"canonical":"https:\/\/spordiareenid.ee\/product\/street-workout-setups\/","og_locale":"en_US","og_type":"article","og_title":"Street workout setups - spordiareenid.ee","og_description":"Different type of street workout setups based on the desired need for specific exercises.","og_url":"https:\/\/spordiareenid.ee\/product\/street-workout-setups\/","og_site_name":"spordiareenid.ee","article_publisher":"https:\/\/www.facebook.com\/spordiareenid","article_modified_time":"2024-03-27T19:36:35+00:00","og_image":[{"width":800,"height":800,"url":"https:\/\/spordiareenid.ee\/wp-content\/uploads\/2024\/01\/Spordiareenid_joulinnakud_Pirita_1_2016.jpg","type":"image\/jpeg"}],"twitter_card":"summary_large_image","twitter_misc":{"Est. reading time":"1 minute"},"schema":{"@context":"https:\/\/schema.org","@graph":[{"@type":"WebPage","@id":"https:\/\/spordiareenid.ee\/product\/street-workout-setups\/","url":"https:\/\/spordiareenid.ee\/product\/street-workout-setups\/","name":"Street workout setups - spordiareenid.ee","isPartOf":{"@id":"https:\/\/spordiareenid.ee\/#website"},"primaryImageOfPage":{"@id":"https:\/\/spordiareenid.ee\/product\/street-workout-setups\/#primaryimage"},"image":{"@id":"https:\/\/spordiareenid.ee\/product\/street-workout-setups\/#primaryimage"},"thumbnailUrl":"https:\/\/spordiareenid.ee\/wp-content\/uploads\/2024\/01\/Spordiareenid_joulinnakud_Pirita_1_2016.jpg","datePublished":"2024-01-12T09:29:44+00:00","dateModified":"2024-03-27T19:36:35+00:00","description":"Different type of street workout setups based on the desired need for specific exercises.","breadcrumb":{"@id":"https:\/\/spordiareenid.ee\/product\/street-workout-setups\/#breadcrumb"},"inLanguage":"en-US","potentialAction":[{"@type":"ReadAction","target":["https:\/\/spordiareenid.ee\/product\/street-workout-setups\/"]}]},{"@type":"ImageObject","inLanguage":"en-US","@id":"https:\/\/spordiareenid.ee\/product\/street-workout-setups\/#primaryimage","url":"https:\/\/spordiareenid.ee\/wp-content\/uploads\/2024\/01\/Spordiareenid_joulinnakud_Pirita_1_2016.jpg","contentUrl":"https:\/\/spordiareenid.ee\/wp-content\/uploads\/2024\/01\/Spordiareenid_joulinnakud_Pirita_1_2016.jpg","width":800,"height":800},{"@type":"BreadcrumbList","@id":"https:\/\/spordiareenid.ee\/product\/street-workout-setups\/#breadcrumb","itemListElement":[{"@type":"ListItem","position":1,"name":"Home","item":"https:\/\/spordiareenid.ee\/en\/"},{"@type":"ListItem","position":2,"name":"Catalogue","item":"https:\/\/spordiareenid.ee\/en\/catalogue\/"},{"@type":"ListItem","position":3,"name":"Street workout setups"}]},{"@type":"WebSite","@id":"https:\/\/spordiareenid.ee\/#website","url":"https:\/\/spordiareenid.ee\/","name":"spordiareenid.ee","description":"Spordiv&auml;ljakute rajamise spetsialist - Spordiareenid O&Uuml;","publisher":{"@id":"https:\/\/spordiareenid.ee\/#organization"},"potentialAction":[{"@type":"SearchAction","target":{"@type":"EntryPoint","urlTemplate":"https:\/\/spordiareenid.ee\/?s={search_term_string}"},"query-input":{"@type":"PropertyValueSpecification","valueRequired":true,"valueName":"search_term_string"}}],"inLanguage":"en-US"},{"@type":"Organization","@id":"https:\/\/spordiareenid.ee\/#organization","name":"Spordiareenid","url":"https:\/\/spordiareenid.ee\/","logo":{"@type":"ImageObject","inLanguage":"en-US","@id":"https:\/\/spordiareenid.ee\/#\/schema\/logo\/image\/","url":"https:\/\/spordiareenid.ee\/wp-content\/uploads\/2022\/06\/Spordiareenid.png","contentUrl":"https:\/\/spordiareenid.ee\/wp-content\/uploads\/2022\/06\/Spordiareenid.png","width":170,"height":170,"caption":"Spordiareenid"},"image":{"@id":"https:\/\/spordiareenid.ee\/#\/schema\/logo\/image\/"},"sameAs":["https:\/\/www.facebook.com\/spordiareenid","https:\/\/www.instagram.com\/spordiareenid\/"]}]}},"_links":{"self":[{"href":"https:\/\/spordiareenid.ee\/en\/wp-json\/wp\/v2\/product\/42066","targetHints":{"allow":["GET"]}}],"collection":[{"href":"https:\/\/spordiareenid.ee\/en\/wp-json\/wp\/v2\/product"}],"about":[{"href":"https:\/\/spordiareenid.ee\/en\/wp-json\/wp\/v2\/types\/product"}],"wp:featuredmedia":[{"embeddable":true,"href":"https:\/\/spordiareenid.ee\/en\/wp-json\/wp\/v2\/media\/42075"}],"wp:attachment":[{"href":"https:\/\/spordiareenid.ee\/en\/wp-json\/wp\/v2\/media?parent=42066"}],"wp:term":[{"taxonomy":"product_brand","embeddable":true,"href":"https:\/\/spordiareenid.ee\/en\/wp-json\/wp\/v2\/product_brand?post=42066"},{"taxonomy":"product_cat","embeddable":true,"href":"https:\/\/spordiareenid.ee\/en\/wp-json\/wp\/v2\/product_cat?post=42066"},{"taxonomy":"product_tag","embeddable":true,"href":"https:\/\/spordiareenid.ee\/en\/wp-json\/wp\/v2\/product_tag?post=42066"}],"curies":[{"name":"wp","href":"https:\/\/api.w.org\/{rel}","templated":true}]}}