{"id":11137,"date":"2022-02-16T00:13:40","date_gmt":"2022-02-16T00:13:40","guid":{"rendered":"http:\/\/spo.soontobe.live\/?post_type=product&#038;p=11137"},"modified":"2026-02-17T16:53:58","modified_gmt":"2026-02-17T16:53:58","slug":"sport-court-power-game-plus","status":"publish","type":"product","link":"https:\/\/spordiareenid.ee\/en\/product\/sport-court-power-game-plus\/","title":{"rendered":"Sport Court Power Game Plus"},"content":{"rendered":"<p>Certificates:<\/p>\n<ul>\n<li><strong>basketball &#8211; FIBA<\/strong> valid until 31st December 2026<\/li>\n<li><strong>volleyball &#8211; FIVB<\/strong> valid until 31st December 2026<\/li>\n<li><strong>floorball &#8211; IFF<\/strong> valid until 31st December 2026<\/li>\n<li><strong>tennis &#8211; ITF<\/strong> valid until 17th January 2026<\/li>\n<li><strong>handball &#8211; IHF<\/strong> valid until 31st December 2026<\/li>\n<li><strong>futsal<\/strong> <strong>&#8211; FIFA<\/strong> valid until December 2028<\/li>\n<\/ul>\n<p>Downloads:<\/p>\n<ul>\n<li><a href=\"https:\/\/spordiareenid.ee\/wp-content\/uploads\/2022\/02\/Spordiareenid_Sport_Court_Power_Game_Plus_brosuur_ENG.pdf\">Spordiareenid_Sport_Court_Power_Game_Plus_bro\u0161\u00fc\u00fcr_ENG<\/a><\/li>\n<li><a href=\"https:\/\/spordiareenid.ee\/wp-content\/uploads\/2022\/02\/Spordiareenid_Sport_Court_Power_Game_Plus_plaat_spetsifikatsioon_ENG.pdf\">Spordiareenid_Sport_Court_Power_Game_Plus_plaat_spetsifikatsioon_ENG<\/a><\/li>\n<li><a href=\"https:\/\/spordiareenid.ee\/wp-content\/uploads\/2022\/02\/Spordiareenid_Sport_Court_Power_Game_Plus_aaris_1_spetsifikatsioon_ENG.pdf\">Spordiareenid_Sport_Court_Power_Game_Plus_\u00e4\u00e4ris_1_spetsifikatsioon_ENG<\/a><\/li>\n<li><a href=\"https:\/\/spordiareenid.ee\/wp-content\/uploads\/2022\/02\/Spordiareenid_Sport_Court_Power_Game_Plus_aaris_2_spetsifikatsioon_ENG.pdf\">Spordiareenid_Sport_Court_Power_Game_Plus_\u00e4\u00e4ris_2_spetsifikatsioon_ENG<\/a><\/li>\n<li><a href=\"https:\/\/spordiareenid.ee\/wp-content\/uploads\/2022\/02\/Spordiareenid_Sport_Court_Power_Game_Plus_nurk_spetsifikatsioon_ENG.pdf\">Spordiareenid_Sport_Court_Power_Game_Plus_nurk_spetsifikatsioon_ENG<\/a><\/li>\n<li><a href=\"https:\/\/spordiareenid.ee\/wp-content\/uploads\/2022\/02\/Spordiareenid_Sport_Court_Power_Game_Plus_tulekindlus_ENG.pdf\">Spordiareenid_Sport_Court_Power_Game_Plus_tulekindlus_ENG<\/a><\/li>\n<li><a href=\"https:\/\/spordiareenid.ee\/wp-content\/uploads\/2022\/02\/Spordiareenid_Sport_Court_Power_Game_Plus_DoP_ENG.pdf\">Spordiareenid_Sport_Court_Power_Game_Plus_DoP_ENG<\/a><\/li>\n<li><a href=\"https:\/\/spordiareenid.ee\/wp-content\/uploads\/2022\/02\/Spordiareenid_Sport_Court_Power_Game_Plus_hooldus_ENG.pdf\">Spordiareenid_Sport_Court_Power_Game_Plus_hooldus_ENG<\/a><\/li>\n<li><a href=\"https:\/\/spordiareenid.ee\/wp-content\/uploads\/2022\/02\/Spordiareenid_Sport_Court_Power_Game_Plus_paigaldamine_ENG.pdf\">Spordiareenid_Sport_Court_Power_Game_Plus_paigaldamine_ENG<\/a><\/li>\n<\/ul>\n","protected":false},"excerpt":{"rendered":"<p>With our modular PowerGame + tiles, we offer everyone the opportunity to share such memorable sport and recreational experiences. PowerGame + is not only fun, great looking and safe to play on, but it can also be easily installed in all facilities, to build a new court, renovate an existing space or set up portable courts for a tournament or event. Designed for a wide variety of sport, it is the ideal playing outdoor surface for every practice and ambitions, from children to champions. Used at the highest levels of competition by being a partner of sports federations, this solution is designed to:<\/p>\n<ul>\n<li>Offer amazing and long-lasting aesthetics, with easy court customization.<\/li>\n<li>Provide exceptional game experience.<\/li>\n<li>Ensure the players\u2019 safety.<\/li>\n<li>Eliminate costly annual maintenance.<\/li>\n<li>Enable easy and fast renovations.<\/li>\n<\/ul>\n<p><strong>Custom-colors are available!<\/strong><\/p>\n","protected":false},"featured_media":11156,"template":"","meta":{"_acf_changed":false,"inline_featured_image":false},"product_brand":[],"product_cat":[178,179,232,246,247,154,173,217,157,188,174,220,172,214,167,199,169,205],"product_tag":[],"class_list":{"0":"post-11137","1":"product","2":"type-product","3":"status-publish","4":"has-post-thumbnail","6":"product_cat-surfaces","7":"product_cat-outdoor-surfaces","8":"product_cat-sport-court-plastic","9":"product_cat-school-sports","10":"product_cat-outdoor-activities","11":"product_cat-sports","12":"product_cat-handball","13":"product_cat-other-9","14":"product_cat-basketball","15":"product_cat-other","16":"product_cat-indoor-hockey","17":"product_cat-other-10","18":"product_cat-badminton","19":"product_cat-other-8","20":"product_cat-tennis","21":"product_cat-other-3","22":"product_cat-volleyball","23":"product_cat-other-5","25":"first","26":"instock","27":"shipping-taxable","28":"product-type-simple"},"acf":[],"yoast_head":"<!-- This site is optimized with the Yoast SEO plugin v25.7 - https:\/\/yoast.com\/wordpress\/plugins\/seo\/ -->\n<title>Sport Court Power Game Plus - spordiareenid.ee<\/title>\n<meta name=\"robots\" content=\"index, follow, max-snippet:-1, max-image-preview:large, max-video-preview:-1\" \/>\n<link rel=\"canonical\" href=\"https:\/\/spordiareenid.ee\/en\/product\/sport-court-power-game-plus\/\" \/>\n<meta property=\"og:locale\" content=\"en_US\" \/>\n<meta property=\"og:type\" content=\"article\" \/>\n<meta property=\"og:title\" content=\"Sport Court Power Game Plus - spordiareenid.ee\" \/>\n<meta property=\"og:description\" content=\"With our modular PowerGame + tiles, we offer everyone the opportunity to share such memorable sport and recreational experiences. PowerGame + is not only fun, great looking and safe to play on, but it can also be easily installed in all facilities, to build a new court, renovate an existing space or set up portable courts for a tournament or event. Designed for a wide variety of sport, it is the ideal playing outdoor surface for every practice and ambitions, from children to champions. Used at the highest levels of competition by being a partner of sports federations, this solution is designed to:   Offer amazing and long-lasting aesthetics, with easy court customization.  Provide exceptional game experience.  Ensure the players\u2019 safety.  Eliminate costly annual maintenance.  Enable easy and fast renovations.  Custom-colors are available!\" \/>\n<meta property=\"og:url\" content=\"https:\/\/spordiareenid.ee\/en\/product\/sport-court-power-game-plus\/\" \/>\n<meta property=\"og:site_name\" content=\"spordiareenid.ee\" \/>\n<meta property=\"article:publisher\" content=\"https:\/\/www.facebook.com\/spordiareenid\" \/>\n<meta property=\"article:modified_time\" content=\"2026-02-17T16:53:58+00:00\" \/>\n<meta property=\"og:image\" content=\"https:\/\/spordiareenid.ee\/wp-content\/uploads\/2022\/02\/Spordiareenid_Sport_Court_Power_Game_Plus_1.png\" \/>\n\t<meta property=\"og:image:width\" content=\"800\" \/>\n\t<meta property=\"og:image:height\" content=\"800\" \/>\n\t<meta property=\"og:image:type\" content=\"image\/png\" \/>\n<meta name=\"twitter:card\" content=\"summary_large_image\" \/>\n<meta name=\"twitter:label1\" content=\"Est. reading time\" \/>\n\t<meta name=\"twitter:data1\" content=\"1 minute\" \/>\n<script type=\"application\/ld+json\" class=\"yoast-schema-graph\">{\"@context\":\"https:\/\/schema.org\",\"@graph\":[{\"@type\":\"WebPage\",\"@id\":\"https:\/\/spordiareenid.ee\/en\/product\/sport-court-power-game-plus\/\",\"url\":\"https:\/\/spordiareenid.ee\/en\/product\/sport-court-power-game-plus\/\",\"name\":\"Sport Court Power Game Plus - spordiareenid.ee\",\"isPartOf\":{\"@id\":\"https:\/\/spordiareenid.ee\/#website\"},\"primaryImageOfPage\":{\"@id\":\"https:\/\/spordiareenid.ee\/en\/product\/sport-court-power-game-plus\/#primaryimage\"},\"image\":{\"@id\":\"https:\/\/spordiareenid.ee\/en\/product\/sport-court-power-game-plus\/#primaryimage\"},\"thumbnailUrl\":\"https:\/\/spordiareenid.ee\/wp-content\/uploads\/2022\/02\/Spordiareenid_Sport_Court_Power_Game_Plus_1.png\",\"datePublished\":\"2022-02-16T00:13:40+00:00\",\"dateModified\":\"2026-02-17T16:53:58+00:00\",\"breadcrumb\":{\"@id\":\"https:\/\/spordiareenid.ee\/en\/product\/sport-court-power-game-plus\/#breadcrumb\"},\"inLanguage\":\"en-US\",\"potentialAction\":[{\"@type\":\"ReadAction\",\"target\":[\"https:\/\/spordiareenid.ee\/en\/product\/sport-court-power-game-plus\/\"]}]},{\"@type\":\"ImageObject\",\"inLanguage\":\"en-US\",\"@id\":\"https:\/\/spordiareenid.ee\/en\/product\/sport-court-power-game-plus\/#primaryimage\",\"url\":\"https:\/\/spordiareenid.ee\/wp-content\/uploads\/2022\/02\/Spordiareenid_Sport_Court_Power_Game_Plus_1.png\",\"contentUrl\":\"https:\/\/spordiareenid.ee\/wp-content\/uploads\/2022\/02\/Spordiareenid_Sport_Court_Power_Game_Plus_1.png\",\"width\":800,\"height\":800},{\"@type\":\"BreadcrumbList\",\"@id\":\"https:\/\/spordiareenid.ee\/en\/product\/sport-court-power-game-plus\/#breadcrumb\",\"itemListElement\":[{\"@type\":\"ListItem\",\"position\":1,\"name\":\"Home\",\"item\":\"https:\/\/spordiareenid.ee\/en\/\"},{\"@type\":\"ListItem\",\"position\":2,\"name\":\"Catalogue\",\"item\":\"https:\/\/spordiareenid.ee\/en\/catalogue\/\"},{\"@type\":\"ListItem\",\"position\":3,\"name\":\"Sport Court Power Game Plus\"}]},{\"@type\":\"WebSite\",\"@id\":\"https:\/\/spordiareenid.ee\/#website\",\"url\":\"https:\/\/spordiareenid.ee\/\",\"name\":\"spordiareenid.ee\",\"description\":\"Spordiv&auml;ljakute rajamise spetsialist - Spordiareenid O&Uuml;\",\"publisher\":{\"@id\":\"https:\/\/spordiareenid.ee\/#organization\"},\"potentialAction\":[{\"@type\":\"SearchAction\",\"target\":{\"@type\":\"EntryPoint\",\"urlTemplate\":\"https:\/\/spordiareenid.ee\/?s={search_term_string}\"},\"query-input\":{\"@type\":\"PropertyValueSpecification\",\"valueRequired\":true,\"valueName\":\"search_term_string\"}}],\"inLanguage\":\"en-US\"},{\"@type\":\"Organization\",\"@id\":\"https:\/\/spordiareenid.ee\/#organization\",\"name\":\"Spordiareenid\",\"url\":\"https:\/\/spordiareenid.ee\/\",\"logo\":{\"@type\":\"ImageObject\",\"inLanguage\":\"en-US\",\"@id\":\"https:\/\/spordiareenid.ee\/#\/schema\/logo\/image\/\",\"url\":\"https:\/\/spordiareenid.ee\/wp-content\/uploads\/2022\/06\/Spordiareenid.png\",\"contentUrl\":\"https:\/\/spordiareenid.ee\/wp-content\/uploads\/2022\/06\/Spordiareenid.png\",\"width\":170,\"height\":170,\"caption\":\"Spordiareenid\"},\"image\":{\"@id\":\"https:\/\/spordiareenid.ee\/#\/schema\/logo\/image\/\"},\"sameAs\":[\"https:\/\/www.facebook.com\/spordiareenid\",\"https:\/\/www.instagram.com\/spordiareenid\/\"]}]}<\/script>\n<!-- \/ Yoast SEO plugin. -->","yoast_head_json":{"title":"Sport Court Power Game Plus - spordiareenid.ee","robots":{"index":"index","follow":"follow","max-snippet":"max-snippet:-1","max-image-preview":"max-image-preview:large","max-video-preview":"max-video-preview:-1"},"canonical":"https:\/\/spordiareenid.ee\/en\/product\/sport-court-power-game-plus\/","og_locale":"en_US","og_type":"article","og_title":"Sport Court Power Game Plus - spordiareenid.ee","og_description":"With our modular PowerGame + tiles, we offer everyone the opportunity to share such memorable sport and recreational experiences. PowerGame + is not only fun, great looking and safe to play on, but it can also be easily installed in all facilities, to build a new court, renovate an existing space or set up portable courts for a tournament or event. Designed for a wide variety of sport, it is the ideal playing outdoor surface for every practice and ambitions, from children to champions. Used at the highest levels of competition by being a partner of sports federations, this solution is designed to:   Offer amazing and long-lasting aesthetics, with easy court customization.  Provide exceptional game experience.  Ensure the players\u2019 safety.  Eliminate costly annual maintenance.  Enable easy and fast renovations.  Custom-colors are available!","og_url":"https:\/\/spordiareenid.ee\/en\/product\/sport-court-power-game-plus\/","og_site_name":"spordiareenid.ee","article_publisher":"https:\/\/www.facebook.com\/spordiareenid","article_modified_time":"2026-02-17T16:53:58+00:00","og_image":[{"width":800,"height":800,"url":"https:\/\/spordiareenid.ee\/wp-content\/uploads\/2022\/02\/Spordiareenid_Sport_Court_Power_Game_Plus_1.png","type":"image\/png"}],"twitter_card":"summary_large_image","twitter_misc":{"Est. reading time":"1 minute"},"schema":{"@context":"https:\/\/schema.org","@graph":[{"@type":"WebPage","@id":"https:\/\/spordiareenid.ee\/en\/product\/sport-court-power-game-plus\/","url":"https:\/\/spordiareenid.ee\/en\/product\/sport-court-power-game-plus\/","name":"Sport Court Power Game Plus - spordiareenid.ee","isPartOf":{"@id":"https:\/\/spordiareenid.ee\/#website"},"primaryImageOfPage":{"@id":"https:\/\/spordiareenid.ee\/en\/product\/sport-court-power-game-plus\/#primaryimage"},"image":{"@id":"https:\/\/spordiareenid.ee\/en\/product\/sport-court-power-game-plus\/#primaryimage"},"thumbnailUrl":"https:\/\/spordiareenid.ee\/wp-content\/uploads\/2022\/02\/Spordiareenid_Sport_Court_Power_Game_Plus_1.png","datePublished":"2022-02-16T00:13:40+00:00","dateModified":"2026-02-17T16:53:58+00:00","breadcrumb":{"@id":"https:\/\/spordiareenid.ee\/en\/product\/sport-court-power-game-plus\/#breadcrumb"},"inLanguage":"en-US","potentialAction":[{"@type":"ReadAction","target":["https:\/\/spordiareenid.ee\/en\/product\/sport-court-power-game-plus\/"]}]},{"@type":"ImageObject","inLanguage":"en-US","@id":"https:\/\/spordiareenid.ee\/en\/product\/sport-court-power-game-plus\/#primaryimage","url":"https:\/\/spordiareenid.ee\/wp-content\/uploads\/2022\/02\/Spordiareenid_Sport_Court_Power_Game_Plus_1.png","contentUrl":"https:\/\/spordiareenid.ee\/wp-content\/uploads\/2022\/02\/Spordiareenid_Sport_Court_Power_Game_Plus_1.png","width":800,"height":800},{"@type":"BreadcrumbList","@id":"https:\/\/spordiareenid.ee\/en\/product\/sport-court-power-game-plus\/#breadcrumb","itemListElement":[{"@type":"ListItem","position":1,"name":"Home","item":"https:\/\/spordiareenid.ee\/en\/"},{"@type":"ListItem","position":2,"name":"Catalogue","item":"https:\/\/spordiareenid.ee\/en\/catalogue\/"},{"@type":"ListItem","position":3,"name":"Sport Court Power Game Plus"}]},{"@type":"WebSite","@id":"https:\/\/spordiareenid.ee\/#website","url":"https:\/\/spordiareenid.ee\/","name":"spordiareenid.ee","description":"Spordiv&auml;ljakute rajamise spetsialist - Spordiareenid O&Uuml;","publisher":{"@id":"https:\/\/spordiareenid.ee\/#organization"},"potentialAction":[{"@type":"SearchAction","target":{"@type":"EntryPoint","urlTemplate":"https:\/\/spordiareenid.ee\/?s={search_term_string}"},"query-input":{"@type":"PropertyValueSpecification","valueRequired":true,"valueName":"search_term_string"}}],"inLanguage":"en-US"},{"@type":"Organization","@id":"https:\/\/spordiareenid.ee\/#organization","name":"Spordiareenid","url":"https:\/\/spordiareenid.ee\/","logo":{"@type":"ImageObject","inLanguage":"en-US","@id":"https:\/\/spordiareenid.ee\/#\/schema\/logo\/image\/","url":"https:\/\/spordiareenid.ee\/wp-content\/uploads\/2022\/06\/Spordiareenid.png","contentUrl":"https:\/\/spordiareenid.ee\/wp-content\/uploads\/2022\/06\/Spordiareenid.png","width":170,"height":170,"caption":"Spordiareenid"},"image":{"@id":"https:\/\/spordiareenid.ee\/#\/schema\/logo\/image\/"},"sameAs":["https:\/\/www.facebook.com\/spordiareenid","https:\/\/www.instagram.com\/spordiareenid\/"]}]}},"_links":{"self":[{"href":"https:\/\/spordiareenid.ee\/en\/wp-json\/wp\/v2\/product\/11137","targetHints":{"allow":["GET"]}}],"collection":[{"href":"https:\/\/spordiareenid.ee\/en\/wp-json\/wp\/v2\/product"}],"about":[{"href":"https:\/\/spordiareenid.ee\/en\/wp-json\/wp\/v2\/types\/product"}],"wp:featuredmedia":[{"embeddable":true,"href":"https:\/\/spordiareenid.ee\/en\/wp-json\/wp\/v2\/media\/11156"}],"wp:attachment":[{"href":"https:\/\/spordiareenid.ee\/en\/wp-json\/wp\/v2\/media?parent=11137"}],"wp:term":[{"taxonomy":"product_brand","embeddable":true,"href":"https:\/\/spordiareenid.ee\/en\/wp-json\/wp\/v2\/product_brand?post=11137"},{"taxonomy":"product_cat","embeddable":true,"href":"https:\/\/spordiareenid.ee\/en\/wp-json\/wp\/v2\/product_cat?post=11137"},{"taxonomy":"product_tag","embeddable":true,"href":"https:\/\/spordiareenid.ee\/en\/wp-json\/wp\/v2\/product_tag?post=11137"}],"curies":[{"name":"wp","href":"https:\/\/api.w.org\/{rel}","templated":true}]}}