{"id":8290,"date":"2022-01-21T12:08:47","date_gmt":"2022-01-21T12:08:47","guid":{"rendered":"http:\/\/spo.soontobe.live\/?page_id=8290"},"modified":"2024-02-28T22:22:12","modified_gmt":"2024-02-28T22:22:12","slug":"latest-works","status":"publish","type":"page","link":"https:\/\/spordiareenid.ee\/en\/latest-works\/","title":{"rendered":"Latest works"},"content":{"rendered":"\t\t<div data-elementor-type=\"wp-page\" data-elementor-id=\"8290\" class=\"elementor elementor-8290\" data-elementor-post-type=\"page\">\n\t\t\t\t\t\t<section class=\"elementor-section elementor-top-section elementor-element elementor-element-48fcf15d elementor-section-boxed elementor-section-height-default elementor-section-height-default\" data-id=\"48fcf15d\" data-element_type=\"section\">\n\t\t\t\t\t\t<div class=\"elementor-container elementor-column-gap-default\">\n\t\t\t\t\t<div class=\"elementor-column elementor-col-100 elementor-top-column elementor-element elementor-element-1db176b8\" data-id=\"1db176b8\" data-element_type=\"column\">\n\t\t\t<div class=\"elementor-widget-wrap elementor-element-populated\">\n\t\t\t\t\t\t<div class=\"elementor-element elementor-element-8f9d0cf elementor-widget elementor-widget-shortcode\" data-id=\"8f9d0cf\" data-element_type=\"widget\" data-widget_type=\"shortcode.default\">\n\t\t\t\t<div class=\"elementor-widget-container\">\n\t\t\t\t\t\t\t<div class=\"elementor-shortcode\">        <div\n            class=\"spotlight-instagram-feed\"\n            data-feed-var=\"1d813bbe\"\n            data-analytics=\"0\"\n            data-instance=\"8290\"\n        >\n        <\/div>\n        <input type=\"hidden\" id=\"sli__f__1d813bbe\" data-json='{&quot;template&quot;:276982,&quot;layout&quot;:&quot;grid&quot;,&quot;numColumns&quot;:{&quot;desktop&quot;:5,&quot;tablet&quot;:3,&quot;phone&quot;:2},&quot;highlightFreq&quot;:{&quot;desktop&quot;:7},&quot;sliderNumScrollPosts&quot;:{&quot;desktop&quot;:1},&quot;sliderInfinite&quot;:true,&quot;sliderLoop&quot;:false,&quot;sliderArrowPos&quot;:{&quot;desktop&quot;:&quot;inside&quot;},&quot;sliderArrowSize&quot;:{&quot;desktop&quot;:20},&quot;sliderArrowColor&quot;:{&quot;r&quot;:255,&quot;b&quot;:255,&quot;g&quot;:255,&quot;a&quot;:1},&quot;sliderArrowBgColor&quot;:{&quot;r&quot;:0,&quot;b&quot;:0,&quot;g&quot;:0,&quot;a&quot;:0.8},&quot;sliderAutoScroll&quot;:false,&quot;sliderAutoInterval&quot;:3,&quot;postOrder&quot;:&quot;date_desc&quot;,&quot;numPosts&quot;:{&quot;desktop&quot;:200},&quot;linkBehavior&quot;:{&quot;desktop&quot;:&quot;new_tab&quot;},&quot;feedWidth&quot;:{&quot;desktop&quot;:&quot;&quot;},&quot;feedHeight&quot;:{&quot;desktop&quot;:&quot;&quot;},&quot;feedPadding&quot;:{&quot;desktop&quot;:24,&quot;tablet&quot;:14,&quot;phone&quot;:10},&quot;imgPadding&quot;:{&quot;desktop&quot;:10,&quot;tablet&quot;:10,&quot;phone&quot;:6},&quot;textSize&quot;:{&quot;desktop&quot;:&quot;&quot;,&quot;tablet&quot;:&quot;&quot;,&quot;phone&quot;:&quot;&quot;},&quot;bgColor&quot;:{&quot;r&quot;:255,&quot;g&quot;:255,&quot;b&quot;:255,&quot;a&quot;:1},&quot;hoverInfo&quot;:[&quot;likes_comments&quot;,&quot;insta_link&quot;],&quot;textColorHover&quot;:{&quot;r&quot;:255,&quot;g&quot;:255,&quot;b&quot;:255,&quot;a&quot;:1},&quot;bgColorHover&quot;:{&quot;r&quot;:0,&quot;g&quot;:0,&quot;b&quot;:0,&quot;a&quot;:0.5},&quot;showHeader&quot;:{&quot;desktop&quot;:true},&quot;headerInfo&quot;:{&quot;desktop&quot;:[&quot;profile_pic&quot;,&quot;bio&quot;]},&quot;headerAccount&quot;:5,&quot;headerStyle&quot;:{&quot;desktop&quot;:&quot;normal&quot;,&quot;phone&quot;:&quot;normal&quot;},&quot;headerTextSize&quot;:{&quot;desktop&quot;:&quot;&quot;},&quot;headerPhotoSize&quot;:{&quot;desktop&quot;:50},&quot;headerTextColor&quot;:{&quot;r&quot;:0,&quot;g&quot;:0,&quot;b&quot;:0,&quot;a&quot;:1},&quot;headerBgColor&quot;:{&quot;r&quot;:255,&quot;g&quot;:255,&quot;b&quot;:255,&quot;a&quot;:0},&quot;headerPadding&quot;:{&quot;desktop&quot;:0,&quot;phone&quot;:0},&quot;customProfilePic&quot;:&quot;https:\\\/\\\/spordiareenid.ee\\\/wp-content\\\/uploads\\\/2022\\\/01\\\/12106085_901487979944501_811692223_a.jpeg&quot;,&quot;customBioText&quot;:&quot;&quot;,&quot;includeStories&quot;:false,&quot;storiesInterval&quot;:5,&quot;showCaptions&quot;:{&quot;desktop&quot;:false},&quot;captionMaxLength&quot;:{&quot;desktop&quot;:0},&quot;captionRemoveDots&quot;:false,&quot;captionSize&quot;:{&quot;desktop&quot;:0},&quot;captionColor&quot;:{&quot;r&quot;:0,&quot;g&quot;:0,&quot;b&quot;:0,&quot;a&quot;:1},&quot;showLikes&quot;:{&quot;desktop&quot;:false},&quot;showComments&quot;:{&quot;desktop&quot;:false},&quot;lcIconSize&quot;:{&quot;desktop&quot;:14},&quot;likesIconColor&quot;:{&quot;r&quot;:0,&quot;g&quot;:0,&quot;b&quot;:0,&quot;a&quot;:1},&quot;commentsIconColor&quot;:{&quot;r&quot;:0,&quot;g&quot;:0,&quot;b&quot;:0,&quot;a&quot;:1},&quot;lightboxShowSidebar&quot;:false,&quot;lightboxCtaStyle&quot;:&quot;link&quot;,&quot;lightboxCtaDesign&quot;:{&quot;text&quot;:{&quot;color&quot;:{&quot;r&quot;:0,&quot;g&quot;:0,&quot;b&quot;:0,&quot;a&quot;:1},&quot;align&quot;:&quot;center&quot;},&quot;bgColor&quot;:{&quot;r&quot;:230,&quot;g&quot;:230,&quot;b&quot;:230,&quot;a&quot;:1},&quot;border&quot;:{&quot;radius&quot;:3}},&quot;numLightboxComments&quot;:50,&quot;showLoadMoreBtn&quot;:{&quot;desktop&quot;:false},&quot;loadMoreBtnDesign&quot;:{&quot;text&quot;:{&quot;color&quot;:{&quot;r&quot;:35,&quot;g&quot;:143,&quot;b&quot;:181,&quot;a&quot;:1},&quot;align&quot;:&quot;center&quot;},&quot;border&quot;:{&quot;radius&quot;:3},&quot;bgColor&quot;:{&quot;r&quot;:41,&quot;g&quot;:167,&quot;b&quot;:210,&quot;a&quot;:0.1},&quot;margin&quot;:{&quot;top&quot;:0,&quot;bottom&quot;:0,&quot;left&quot;:0,&quot;right&quot;:0},&quot;padding&quot;:{&quot;top&quot;:12,&quot;bottom&quot;:12,&quot;left&quot;:12,&quot;right&quot;:12},&quot;onHover&quot;:{&quot;text&quot;:{&quot;color&quot;:{&quot;r&quot;:255,&quot;g&quot;:255,&quot;b&quot;:255,&quot;a&quot;:1}},&quot;bgColor&quot;:{&quot;r&quot;:41,&quot;g&quot;:167,&quot;b&quot;:210,&quot;a&quot;:1}}},&quot;loadMoreBtnText&quot;:&quot;Load More Posts&quot;,&quot;loadMoreBtnScroll&quot;:false,&quot;autoload&quot;:false,&quot;showFollowBtn&quot;:{&quot;desktop&quot;:false},&quot;followBtnText&quot;:&quot;J\\u00e4lgi meid&quot;,&quot;followBtnDesign&quot;:{&quot;text&quot;:{&quot;color&quot;:{&quot;r&quot;:255,&quot;g&quot;:255,&quot;b&quot;:255,&quot;a&quot;:1},&quot;align&quot;:&quot;center&quot;},&quot;border&quot;:{&quot;radius&quot;:3},&quot;bgColor&quot;:{&quot;r&quot;:41,&quot;g&quot;:167,&quot;b&quot;:210,&quot;a&quot;:1},&quot;margin&quot;:{&quot;top&quot;:0,&quot;bottom&quot;:0,&quot;left&quot;:0,&quot;right&quot;:0},&quot;padding&quot;:{&quot;top&quot;:12,&quot;bottom&quot;:12,&quot;left&quot;:12,&quot;right&quot;:12},&quot;onHover&quot;:{&quot;text&quot;:{&quot;color&quot;:{&quot;r&quot;:255,&quot;g&quot;:255,&quot;b&quot;:255,&quot;a&quot;:1}},&quot;bgColor&quot;:{&quot;r&quot;:35,&quot;g&quot;:142,&quot;b&quot;:181,&quot;a&quot;:1}}},&quot;followBtnLocation&quot;:{&quot;desktop&quot;:&quot;header&quot;,&quot;phone&quot;:&quot;bottom&quot;},&quot;alignFooterButtons&quot;:{&quot;desktop&quot;:false},&quot;customCss&quot;:&quot;\\\/* Enter your custom CSS below *\\\/\\n\\n&quot;,&quot;accounts&quot;:[8329],&quot;tagged&quot;:[],&quot;hashtags&quot;:[],&quot;mediaType&quot;:&quot;all&quot;,&quot;hashtagWhitelist&quot;:[],&quot;hashtagBlacklist&quot;:[],&quot;captionWhitelist&quot;:[],&quot;captionBlacklist&quot;:[],&quot;hashtagWhitelistSettings&quot;:true,&quot;hashtagBlacklistSettings&quot;:true,&quot;captionWhitelistSettings&quot;:true,&quot;captionBlacklistSettings&quot;:true,&quot;moderation&quot;:[],&quot;moderationMode&quot;:&quot;blacklist&quot;,&quot;promosVersion&quot;:2,&quot;promosEnabled&quot;:true,&quot;globalPromosEnabled&quot;:true,&quot;autoPromosEnabled&quot;:true,&quot;promoOverrides&quot;:[],&quot;feedPromo&quot;:{&quot;linkText&quot;:&quot;&quot;,&quot;linkBehavior&quot;:{&quot;openNewTab&quot;:false,&quot;showPopupBox&quot;:false}},&quot;gaCampaignSource&quot;:&quot;&quot;,&quot;gaCampaignMedium&quot;:&quot;&quot;,&quot;gaCampaignName&quot;:&quot;&quot;}' \/>\n        <input type=\"hidden\" id=\"sli__a__1d813bbe\" data-json='[{&quot;id&quot;:8329,&quot;type&quot;:&quot;PERSONAL&quot;,&quot;userId&quot;:&quot;4999041666814857&quot;,&quot;username&quot;:&quot;spordiareenid&quot;,&quot;bio&quot;:&quot;&quot;,&quot;customBio&quot;:&quot;&quot;,&quot;profilePicUrl&quot;:&quot;&quot;,&quot;customProfilePicUrl&quot;:&quot;&quot;,&quot;mediaCount&quot;:&quot;574&quot;,&quot;followersCount&quot;:&quot;0&quot;,&quot;usages&quot;:[],&quot;creationDate&quot;:&quot;2022-01-22 20:17:34&quot;}]' \/>\n        <input type=\"hidden\" id=\"sli__m__1d813bbe\" data-json='[]' \/>\n        <\/div>\n\t\t\t\t\t\t<\/div>\n\t\t\t\t<\/div>\n\t\t\t\t\t<\/div>\n\t\t<\/div>\n\t\t\t\t\t<\/div>\n\t\t<\/section>\n\t\t\t\t<\/div>\n\t\t","protected":false},"excerpt":{"rendered":"","protected":false},"author":2,"featured_media":44857,"parent":0,"menu_order":0,"comment_status":"closed","ping_status":"closed","template":"","meta":{"_acf_changed":false,"inline_featured_image":false,"footnotes":""},"class_list":["post-8290","page","type-page","status-publish","has-post-thumbnail","hentry"],"acf":[],"yoast_head":"<!-- This site is optimized with the Yoast SEO plugin v25.7 - https:\/\/yoast.com\/wordpress\/plugins\/seo\/ -->\n<title>Latest works - spordiareenid.ee<\/title>\n<meta name=\"description\" content=\"V\u00e4lispordiv\u00e4ljakute ja piirdeaedade ehitus, spordiinventari m\u00fc\u00fck ja paigaldus, aluste rajamine ja eriehitust\u00f6\u00f6d, konsultatsioon\" \/>\n<meta name=\"robots\" content=\"index, follow, max-snippet:-1, max-image-preview:large, max-video-preview:-1\" \/>\n<link rel=\"canonical\" href=\"https:\/\/spordiareenid.ee\/en\/latest-works\/\" \/>\n<meta property=\"og:locale\" content=\"en_US\" \/>\n<meta property=\"og:type\" content=\"article\" \/>\n<meta property=\"og:title\" content=\"Latest works - spordiareenid.ee\" \/>\n<meta property=\"og:description\" content=\"V\u00e4lispordiv\u00e4ljakute ja piirdeaedade ehitus, spordiinventari m\u00fc\u00fck ja paigaldus, aluste rajamine ja eriehitust\u00f6\u00f6d, konsultatsioon\" \/>\n<meta property=\"og:url\" content=\"https:\/\/spordiareenid.ee\/en\/latest-works\/\" \/>\n<meta property=\"og:site_name\" content=\"spordiareenid.ee\" \/>\n<meta property=\"article:publisher\" content=\"https:\/\/www.facebook.com\/spordiareenid\" \/>\n<meta property=\"article:modified_time\" content=\"2024-02-28T22:22:12+00:00\" \/>\n<meta property=\"og:image\" content=\"https:\/\/spordiareenid.ee\/wp-content\/uploads\/2022\/02\/Spordiareenid_Sport_Court_Power_Game_Plus_15-4.jpg\" \/>\n\t<meta property=\"og:image:width\" content=\"1000\" \/>\n\t<meta property=\"og:image:height\" content=\"1000\" \/>\n\t<meta property=\"og:image:type\" content=\"image\/jpeg\" \/>\n<meta name=\"twitter:card\" content=\"summary_large_image\" \/>\n<meta name=\"twitter:label1\" content=\"Est. reading time\" \/>\n\t<meta name=\"twitter:data1\" content=\"1 minute\" \/>\n<script type=\"application\/ld+json\" class=\"yoast-schema-graph\">{\"@context\":\"https:\/\/schema.org\",\"@graph\":[{\"@type\":\"WebPage\",\"@id\":\"https:\/\/spordiareenid.ee\/en\/latest-works\/\",\"url\":\"https:\/\/spordiareenid.ee\/en\/latest-works\/\",\"name\":\"Latest works - spordiareenid.ee\",\"isPartOf\":{\"@id\":\"https:\/\/spordiareenid.ee\/#website\"},\"primaryImageOfPage\":{\"@id\":\"https:\/\/spordiareenid.ee\/en\/latest-works\/#primaryimage\"},\"image\":{\"@id\":\"https:\/\/spordiareenid.ee\/en\/latest-works\/#primaryimage\"},\"thumbnailUrl\":\"https:\/\/spordiareenid.ee\/wp-content\/uploads\/2022\/02\/Spordiareenid_Sport_Court_Power_Game_Plus_15-4.jpg\",\"datePublished\":\"2022-01-21T12:08:47+00:00\",\"dateModified\":\"2024-02-28T22:22:12+00:00\",\"description\":\"V\u00e4lispordiv\u00e4ljakute ja piirdeaedade ehitus, spordiinventari m\u00fc\u00fck ja paigaldus, aluste rajamine ja eriehitust\u00f6\u00f6d, konsultatsioon\",\"breadcrumb\":{\"@id\":\"https:\/\/spordiareenid.ee\/en\/latest-works\/#breadcrumb\"},\"inLanguage\":\"en-US\",\"potentialAction\":[{\"@type\":\"ReadAction\",\"target\":[\"https:\/\/spordiareenid.ee\/en\/latest-works\/\"]}]},{\"@type\":\"ImageObject\",\"inLanguage\":\"en-US\",\"@id\":\"https:\/\/spordiareenid.ee\/en\/latest-works\/#primaryimage\",\"url\":\"https:\/\/spordiareenid.ee\/wp-content\/uploads\/2022\/02\/Spordiareenid_Sport_Court_Power_Game_Plus_15-4.jpg\",\"contentUrl\":\"https:\/\/spordiareenid.ee\/wp-content\/uploads\/2022\/02\/Spordiareenid_Sport_Court_Power_Game_Plus_15-4.jpg\",\"width\":1000,\"height\":1000},{\"@type\":\"BreadcrumbList\",\"@id\":\"https:\/\/spordiareenid.ee\/en\/latest-works\/#breadcrumb\",\"itemListElement\":[{\"@type\":\"ListItem\",\"position\":1,\"name\":\"Home\",\"item\":\"https:\/\/spordiareenid.ee\/en\/\"},{\"@type\":\"ListItem\",\"position\":2,\"name\":\"Latest works\"}]},{\"@type\":\"WebSite\",\"@id\":\"https:\/\/spordiareenid.ee\/#website\",\"url\":\"https:\/\/spordiareenid.ee\/\",\"name\":\"spordiareenid.ee\",\"description\":\"Spordiv&auml;ljakute rajamise spetsialist - Spordiareenid O&Uuml;\",\"publisher\":{\"@id\":\"https:\/\/spordiareenid.ee\/#organization\"},\"potentialAction\":[{\"@type\":\"SearchAction\",\"target\":{\"@type\":\"EntryPoint\",\"urlTemplate\":\"https:\/\/spordiareenid.ee\/?s={search_term_string}\"},\"query-input\":{\"@type\":\"PropertyValueSpecification\",\"valueRequired\":true,\"valueName\":\"search_term_string\"}}],\"inLanguage\":\"en-US\"},{\"@type\":\"Organization\",\"@id\":\"https:\/\/spordiareenid.ee\/#organization\",\"name\":\"Spordiareenid\",\"url\":\"https:\/\/spordiareenid.ee\/\",\"logo\":{\"@type\":\"ImageObject\",\"inLanguage\":\"en-US\",\"@id\":\"https:\/\/spordiareenid.ee\/#\/schema\/logo\/image\/\",\"url\":\"https:\/\/spordiareenid.ee\/wp-content\/uploads\/2022\/06\/Spordiareenid.png\",\"contentUrl\":\"https:\/\/spordiareenid.ee\/wp-content\/uploads\/2022\/06\/Spordiareenid.png\",\"width\":170,\"height\":170,\"caption\":\"Spordiareenid\"},\"image\":{\"@id\":\"https:\/\/spordiareenid.ee\/#\/schema\/logo\/image\/\"},\"sameAs\":[\"https:\/\/www.facebook.com\/spordiareenid\",\"https:\/\/www.instagram.com\/spordiareenid\/\"]}]}<\/script>\n<!-- \/ Yoast SEO plugin. -->","yoast_head_json":{"title":"Latest works - spordiareenid.ee","description":"V\u00e4lispordiv\u00e4ljakute ja piirdeaedade ehitus, spordiinventari m\u00fc\u00fck ja paigaldus, aluste rajamine ja eriehitust\u00f6\u00f6d, konsultatsioon","robots":{"index":"index","follow":"follow","max-snippet":"max-snippet:-1","max-image-preview":"max-image-preview:large","max-video-preview":"max-video-preview:-1"},"canonical":"https:\/\/spordiareenid.ee\/en\/latest-works\/","og_locale":"en_US","og_type":"article","og_title":"Latest works - spordiareenid.ee","og_description":"V\u00e4lispordiv\u00e4ljakute ja piirdeaedade ehitus, spordiinventari m\u00fc\u00fck ja paigaldus, aluste rajamine ja eriehitust\u00f6\u00f6d, konsultatsioon","og_url":"https:\/\/spordiareenid.ee\/en\/latest-works\/","og_site_name":"spordiareenid.ee","article_publisher":"https:\/\/www.facebook.com\/spordiareenid","article_modified_time":"2024-02-28T22:22:12+00:00","og_image":[{"width":1000,"height":1000,"url":"https:\/\/spordiareenid.ee\/wp-content\/uploads\/2022\/02\/Spordiareenid_Sport_Court_Power_Game_Plus_15-4.jpg","type":"image\/jpeg"}],"twitter_card":"summary_large_image","twitter_misc":{"Est. reading time":"1 minute"},"schema":{"@context":"https:\/\/schema.org","@graph":[{"@type":"WebPage","@id":"https:\/\/spordiareenid.ee\/en\/latest-works\/","url":"https:\/\/spordiareenid.ee\/en\/latest-works\/","name":"Latest works - spordiareenid.ee","isPartOf":{"@id":"https:\/\/spordiareenid.ee\/#website"},"primaryImageOfPage":{"@id":"https:\/\/spordiareenid.ee\/en\/latest-works\/#primaryimage"},"image":{"@id":"https:\/\/spordiareenid.ee\/en\/latest-works\/#primaryimage"},"thumbnailUrl":"https:\/\/spordiareenid.ee\/wp-content\/uploads\/2022\/02\/Spordiareenid_Sport_Court_Power_Game_Plus_15-4.jpg","datePublished":"2022-01-21T12:08:47+00:00","dateModified":"2024-02-28T22:22:12+00:00","description":"V\u00e4lispordiv\u00e4ljakute ja piirdeaedade ehitus, spordiinventari m\u00fc\u00fck ja paigaldus, aluste rajamine ja eriehitust\u00f6\u00f6d, konsultatsioon","breadcrumb":{"@id":"https:\/\/spordiareenid.ee\/en\/latest-works\/#breadcrumb"},"inLanguage":"en-US","potentialAction":[{"@type":"ReadAction","target":["https:\/\/spordiareenid.ee\/en\/latest-works\/"]}]},{"@type":"ImageObject","inLanguage":"en-US","@id":"https:\/\/spordiareenid.ee\/en\/latest-works\/#primaryimage","url":"https:\/\/spordiareenid.ee\/wp-content\/uploads\/2022\/02\/Spordiareenid_Sport_Court_Power_Game_Plus_15-4.jpg","contentUrl":"https:\/\/spordiareenid.ee\/wp-content\/uploads\/2022\/02\/Spordiareenid_Sport_Court_Power_Game_Plus_15-4.jpg","width":1000,"height":1000},{"@type":"BreadcrumbList","@id":"https:\/\/spordiareenid.ee\/en\/latest-works\/#breadcrumb","itemListElement":[{"@type":"ListItem","position":1,"name":"Home","item":"https:\/\/spordiareenid.ee\/en\/"},{"@type":"ListItem","position":2,"name":"Latest works"}]},{"@type":"WebSite","@id":"https:\/\/spordiareenid.ee\/#website","url":"https:\/\/spordiareenid.ee\/","name":"spordiareenid.ee","description":"Spordiv&auml;ljakute rajamise spetsialist - Spordiareenid O&Uuml;","publisher":{"@id":"https:\/\/spordiareenid.ee\/#organization"},"potentialAction":[{"@type":"SearchAction","target":{"@type":"EntryPoint","urlTemplate":"https:\/\/spordiareenid.ee\/?s={search_term_string}"},"query-input":{"@type":"PropertyValueSpecification","valueRequired":true,"valueName":"search_term_string"}}],"inLanguage":"en-US"},{"@type":"Organization","@id":"https:\/\/spordiareenid.ee\/#organization","name":"Spordiareenid","url":"https:\/\/spordiareenid.ee\/","logo":{"@type":"ImageObject","inLanguage":"en-US","@id":"https:\/\/spordiareenid.ee\/#\/schema\/logo\/image\/","url":"https:\/\/spordiareenid.ee\/wp-content\/uploads\/2022\/06\/Spordiareenid.png","contentUrl":"https:\/\/spordiareenid.ee\/wp-content\/uploads\/2022\/06\/Spordiareenid.png","width":170,"height":170,"caption":"Spordiareenid"},"image":{"@id":"https:\/\/spordiareenid.ee\/#\/schema\/logo\/image\/"},"sameAs":["https:\/\/www.facebook.com\/spordiareenid","https:\/\/www.instagram.com\/spordiareenid\/"]}]}},"_links":{"self":[{"href":"https:\/\/spordiareenid.ee\/en\/wp-json\/wp\/v2\/pages\/8290","targetHints":{"allow":["GET"]}}],"collection":[{"href":"https:\/\/spordiareenid.ee\/en\/wp-json\/wp\/v2\/pages"}],"about":[{"href":"https:\/\/spordiareenid.ee\/en\/wp-json\/wp\/v2\/types\/page"}],"author":[{"embeddable":true,"href":"https:\/\/spordiareenid.ee\/en\/wp-json\/wp\/v2\/users\/2"}],"replies":[{"embeddable":true,"href":"https:\/\/spordiareenid.ee\/en\/wp-json\/wp\/v2\/comments?post=8290"}],"version-history":[{"count":11,"href":"https:\/\/spordiareenid.ee\/en\/wp-json\/wp\/v2\/pages\/8290\/revisions"}],"predecessor-version":[{"id":20347,"href":"https:\/\/spordiareenid.ee\/en\/wp-json\/wp\/v2\/pages\/8290\/revisions\/20347"}],"wp:featuredmedia":[{"embeddable":true,"href":"https:\/\/spordiareenid.ee\/en\/wp-json\/wp\/v2\/media\/44857"}],"wp:attachment":[{"href":"https:\/\/spordiareenid.ee\/en\/wp-json\/wp\/v2\/media?parent=8290"}],"curies":[{"name":"wp","href":"https:\/\/api.w.org\/{rel}","templated":true}]}}