{"id":8022,"date":"2021-04-30T15:33:35","date_gmt":"2021-04-30T15:33:35","guid":{"rendered":"http:\/\/spo.soontobe.live\/request-quote\/"},"modified":"2025-08-29T11:07:16","modified_gmt":"2025-08-29T11:07:16","slug":"request-quote","status":"publish","type":"page","link":"https:\/\/spordiareenid.ee\/en\/request-quote\/","title":{"rendered":"Request a Quote"},"content":{"rendered":"\t\t<div data-elementor-type=\"wp-page\" data-elementor-id=\"8022\" class=\"elementor elementor-8022\" data-elementor-post-type=\"page\">\n\t\t\t\t\t\t<section class=\"elementor-section elementor-top-section elementor-element elementor-element-3125f673 elementor-section-full_width elementor-section-height-min-height elementor-section-height-default elementor-section-items-middle\" data-id=\"3125f673\" data-element_type=\"section\">\n\t\t\t\t\t\t<div class=\"elementor-container elementor-column-gap-default\">\n\t\t\t\t\t<div class=\"elementor-column elementor-col-100 elementor-top-column elementor-element elementor-element-16fdfe26\" data-id=\"16fdfe26\" data-element_type=\"column\">\n\t\t\t<div class=\"elementor-widget-wrap elementor-element-populated\">\n\t\t\t\t\t\t<div class=\"elementor-element elementor-element-74163985 elementor-widget__width-initial elementor-widget elementor-widget-shortcode\" data-id=\"74163985\" data-element_type=\"widget\" data-widget_type=\"shortcode.default\">\n\t\t\t\t<div class=\"elementor-widget-container\">\n\t\t\t\t\t\t\t<div class=\"elementor-shortcode\">\n<div class=\"woocommerce ywraq-wrapper ywraq-empty\">\n\t\t\t<div id=\"yith-ywraq-message\"><div class=\"ywraq-question-message\">\n\t<\/div>\n<\/div>\n\t\t\n\t\t\t\t<div class=\"ywraq-form-table-wrapper wide\">\n\t\t\t\t<p>Please add your desired products to the cart to send us a request. Thanks!<\/p>\n\n\t\t\t\t\t<\/div>\n\t<\/div>\n<\/div>\n\t\t\t\t\t\t<\/div>\n\t\t\t\t<\/div>\n\t\t\t\t\t<\/div>\n\t\t<\/div>\n\t\t\t\t\t<\/div>\n\t\t<\/section>\n\t\t\t\t<\/div>\n\t\t","protected":false},"excerpt":{"rendered":"","protected":false},"author":2,"featured_media":44857,"parent":0,"menu_order":0,"comment_status":"closed","ping_status":"closed","template":"","meta":{"_acf_changed":false,"inline_featured_image":false,"footnotes":""},"class_list":["post-8022","page","type-page","status-publish","has-post-thumbnail","hentry"],"acf":[],"yoast_head":"<!-- This site is optimized with the Yoast SEO plugin v25.7 - https:\/\/yoast.com\/wordpress\/plugins\/seo\/ -->\n<title>Request a Quote - spordiareenid.ee<\/title>\n<meta name=\"description\" content=\"V\u00e4lispordiv\u00e4ljakute ja piirdeaedade ehitus, spordiinventari m\u00fc\u00fck ja paigaldus, aluste rajamine ja eriehitust\u00f6\u00f6d, konsultatsioon\" \/>\n<meta name=\"robots\" content=\"index, follow, max-snippet:-1, max-image-preview:large, max-video-preview:-1\" \/>\n<link rel=\"canonical\" href=\"https:\/\/spordiareenid.ee\/en\/request-quote\/\" \/>\n<meta property=\"og:locale\" content=\"en_US\" \/>\n<meta property=\"og:type\" content=\"article\" \/>\n<meta property=\"og:title\" content=\"Request a Quote - spordiareenid.ee\" \/>\n<meta property=\"og:description\" content=\"V\u00e4lispordiv\u00e4ljakute ja piirdeaedade ehitus, spordiinventari m\u00fc\u00fck ja paigaldus, aluste rajamine ja eriehitust\u00f6\u00f6d, konsultatsioon\" \/>\n<meta property=\"og:url\" content=\"https:\/\/spordiareenid.ee\/en\/request-quote\/\" \/>\n<meta property=\"og:site_name\" content=\"spordiareenid.ee\" \/>\n<meta property=\"article:publisher\" content=\"https:\/\/www.facebook.com\/spordiareenid\" \/>\n<meta property=\"article:modified_time\" content=\"2025-08-29T11:07:16+00:00\" \/>\n<meta property=\"og:image\" content=\"https:\/\/spordiareenid.ee\/wp-content\/uploads\/2022\/02\/Spordiareenid_Sport_Court_Power_Game_Plus_15-4.jpg\" \/>\n\t<meta property=\"og:image:width\" content=\"1000\" \/>\n\t<meta property=\"og:image:height\" content=\"1000\" \/>\n\t<meta property=\"og:image:type\" content=\"image\/jpeg\" \/>\n<meta name=\"twitter:card\" content=\"summary_large_image\" \/>\n<script type=\"application\/ld+json\" class=\"yoast-schema-graph\">{\"@context\":\"https:\/\/schema.org\",\"@graph\":[{\"@type\":\"WebPage\",\"@id\":\"https:\/\/spordiareenid.ee\/en\/request-quote\/\",\"url\":\"https:\/\/spordiareenid.ee\/en\/request-quote\/\",\"name\":\"Request a Quote - spordiareenid.ee\",\"isPartOf\":{\"@id\":\"https:\/\/spordiareenid.ee\/#website\"},\"primaryImageOfPage\":{\"@id\":\"https:\/\/spordiareenid.ee\/en\/request-quote\/#primaryimage\"},\"image\":{\"@id\":\"https:\/\/spordiareenid.ee\/en\/request-quote\/#primaryimage\"},\"thumbnailUrl\":\"https:\/\/spordiareenid.ee\/wp-content\/uploads\/2022\/02\/Spordiareenid_Sport_Court_Power_Game_Plus_15-4.jpg\",\"datePublished\":\"2021-04-30T15:33:35+00:00\",\"dateModified\":\"2025-08-29T11:07:16+00:00\",\"description\":\"V\u00e4lispordiv\u00e4ljakute ja piirdeaedade ehitus, spordiinventari m\u00fc\u00fck ja paigaldus, aluste rajamine ja eriehitust\u00f6\u00f6d, konsultatsioon\",\"breadcrumb\":{\"@id\":\"https:\/\/spordiareenid.ee\/en\/request-quote\/#breadcrumb\"},\"inLanguage\":\"en-US\",\"potentialAction\":[{\"@type\":\"ReadAction\",\"target\":[\"https:\/\/spordiareenid.ee\/en\/request-quote\/\"]}]},{\"@type\":\"ImageObject\",\"inLanguage\":\"en-US\",\"@id\":\"https:\/\/spordiareenid.ee\/en\/request-quote\/#primaryimage\",\"url\":\"https:\/\/spordiareenid.ee\/wp-content\/uploads\/2022\/02\/Spordiareenid_Sport_Court_Power_Game_Plus_15-4.jpg\",\"contentUrl\":\"https:\/\/spordiareenid.ee\/wp-content\/uploads\/2022\/02\/Spordiareenid_Sport_Court_Power_Game_Plus_15-4.jpg\",\"width\":1000,\"height\":1000},{\"@type\":\"BreadcrumbList\",\"@id\":\"https:\/\/spordiareenid.ee\/en\/request-quote\/#breadcrumb\",\"itemListElement\":[{\"@type\":\"ListItem\",\"position\":1,\"name\":\"Home\",\"item\":\"https:\/\/spordiareenid.ee\/en\/\"},{\"@type\":\"ListItem\",\"position\":2,\"name\":\"Request a Quote\"}]},{\"@type\":\"WebSite\",\"@id\":\"https:\/\/spordiareenid.ee\/#website\",\"url\":\"https:\/\/spordiareenid.ee\/\",\"name\":\"spordiareenid.ee\",\"description\":\"Spordiv&auml;ljakute rajamise spetsialist - Spordiareenid O&Uuml;\",\"publisher\":{\"@id\":\"https:\/\/spordiareenid.ee\/#organization\"},\"potentialAction\":[{\"@type\":\"SearchAction\",\"target\":{\"@type\":\"EntryPoint\",\"urlTemplate\":\"https:\/\/spordiareenid.ee\/?s={search_term_string}\"},\"query-input\":{\"@type\":\"PropertyValueSpecification\",\"valueRequired\":true,\"valueName\":\"search_term_string\"}}],\"inLanguage\":\"en-US\"},{\"@type\":\"Organization\",\"@id\":\"https:\/\/spordiareenid.ee\/#organization\",\"name\":\"Spordiareenid\",\"url\":\"https:\/\/spordiareenid.ee\/\",\"logo\":{\"@type\":\"ImageObject\",\"inLanguage\":\"en-US\",\"@id\":\"https:\/\/spordiareenid.ee\/#\/schema\/logo\/image\/\",\"url\":\"https:\/\/spordiareenid.ee\/wp-content\/uploads\/2022\/06\/Spordiareenid.png\",\"contentUrl\":\"https:\/\/spordiareenid.ee\/wp-content\/uploads\/2022\/06\/Spordiareenid.png\",\"width\":170,\"height\":170,\"caption\":\"Spordiareenid\"},\"image\":{\"@id\":\"https:\/\/spordiareenid.ee\/#\/schema\/logo\/image\/\"},\"sameAs\":[\"https:\/\/www.facebook.com\/spordiareenid\",\"https:\/\/www.instagram.com\/spordiareenid\/\"]}]}<\/script>\n<!-- \/ Yoast SEO plugin. -->","yoast_head_json":{"title":"Request a Quote - spordiareenid.ee","description":"V\u00e4lispordiv\u00e4ljakute ja piirdeaedade ehitus, spordiinventari m\u00fc\u00fck ja paigaldus, aluste rajamine ja eriehitust\u00f6\u00f6d, konsultatsioon","robots":{"index":"index","follow":"follow","max-snippet":"max-snippet:-1","max-image-preview":"max-image-preview:large","max-video-preview":"max-video-preview:-1"},"canonical":"https:\/\/spordiareenid.ee\/en\/request-quote\/","og_locale":"en_US","og_type":"article","og_title":"Request a Quote - spordiareenid.ee","og_description":"V\u00e4lispordiv\u00e4ljakute ja piirdeaedade ehitus, spordiinventari m\u00fc\u00fck ja paigaldus, aluste rajamine ja eriehitust\u00f6\u00f6d, konsultatsioon","og_url":"https:\/\/spordiareenid.ee\/en\/request-quote\/","og_site_name":"spordiareenid.ee","article_publisher":"https:\/\/www.facebook.com\/spordiareenid","article_modified_time":"2025-08-29T11:07:16+00:00","og_image":[{"width":1000,"height":1000,"url":"https:\/\/spordiareenid.ee\/wp-content\/uploads\/2022\/02\/Spordiareenid_Sport_Court_Power_Game_Plus_15-4.jpg","type":"image\/jpeg"}],"twitter_card":"summary_large_image","schema":{"@context":"https:\/\/schema.org","@graph":[{"@type":"WebPage","@id":"https:\/\/spordiareenid.ee\/en\/request-quote\/","url":"https:\/\/spordiareenid.ee\/en\/request-quote\/","name":"Request a Quote - spordiareenid.ee","isPartOf":{"@id":"https:\/\/spordiareenid.ee\/#website"},"primaryImageOfPage":{"@id":"https:\/\/spordiareenid.ee\/en\/request-quote\/#primaryimage"},"image":{"@id":"https:\/\/spordiareenid.ee\/en\/request-quote\/#primaryimage"},"thumbnailUrl":"https:\/\/spordiareenid.ee\/wp-content\/uploads\/2022\/02\/Spordiareenid_Sport_Court_Power_Game_Plus_15-4.jpg","datePublished":"2021-04-30T15:33:35+00:00","dateModified":"2025-08-29T11:07:16+00:00","description":"V\u00e4lispordiv\u00e4ljakute ja piirdeaedade ehitus, spordiinventari m\u00fc\u00fck ja paigaldus, aluste rajamine ja eriehitust\u00f6\u00f6d, konsultatsioon","breadcrumb":{"@id":"https:\/\/spordiareenid.ee\/en\/request-quote\/#breadcrumb"},"inLanguage":"en-US","potentialAction":[{"@type":"ReadAction","target":["https:\/\/spordiareenid.ee\/en\/request-quote\/"]}]},{"@type":"ImageObject","inLanguage":"en-US","@id":"https:\/\/spordiareenid.ee\/en\/request-quote\/#primaryimage","url":"https:\/\/spordiareenid.ee\/wp-content\/uploads\/2022\/02\/Spordiareenid_Sport_Court_Power_Game_Plus_15-4.jpg","contentUrl":"https:\/\/spordiareenid.ee\/wp-content\/uploads\/2022\/02\/Spordiareenid_Sport_Court_Power_Game_Plus_15-4.jpg","width":1000,"height":1000},{"@type":"BreadcrumbList","@id":"https:\/\/spordiareenid.ee\/en\/request-quote\/#breadcrumb","itemListElement":[{"@type":"ListItem","position":1,"name":"Home","item":"https:\/\/spordiareenid.ee\/en\/"},{"@type":"ListItem","position":2,"name":"Request a Quote"}]},{"@type":"WebSite","@id":"https:\/\/spordiareenid.ee\/#website","url":"https:\/\/spordiareenid.ee\/","name":"spordiareenid.ee","description":"Spordiv&auml;ljakute rajamise spetsialist - Spordiareenid O&Uuml;","publisher":{"@id":"https:\/\/spordiareenid.ee\/#organization"},"potentialAction":[{"@type":"SearchAction","target":{"@type":"EntryPoint","urlTemplate":"https:\/\/spordiareenid.ee\/?s={search_term_string}"},"query-input":{"@type":"PropertyValueSpecification","valueRequired":true,"valueName":"search_term_string"}}],"inLanguage":"en-US"},{"@type":"Organization","@id":"https:\/\/spordiareenid.ee\/#organization","name":"Spordiareenid","url":"https:\/\/spordiareenid.ee\/","logo":{"@type":"ImageObject","inLanguage":"en-US","@id":"https:\/\/spordiareenid.ee\/#\/schema\/logo\/image\/","url":"https:\/\/spordiareenid.ee\/wp-content\/uploads\/2022\/06\/Spordiareenid.png","contentUrl":"https:\/\/spordiareenid.ee\/wp-content\/uploads\/2022\/06\/Spordiareenid.png","width":170,"height":170,"caption":"Spordiareenid"},"image":{"@id":"https:\/\/spordiareenid.ee\/#\/schema\/logo\/image\/"},"sameAs":["https:\/\/www.facebook.com\/spordiareenid","https:\/\/www.instagram.com\/spordiareenid\/"]}]}},"_links":{"self":[{"href":"https:\/\/spordiareenid.ee\/en\/wp-json\/wp\/v2\/pages\/8022","targetHints":{"allow":["GET"]}}],"collection":[{"href":"https:\/\/spordiareenid.ee\/en\/wp-json\/wp\/v2\/pages"}],"about":[{"href":"https:\/\/spordiareenid.ee\/en\/wp-json\/wp\/v2\/types\/page"}],"author":[{"embeddable":true,"href":"https:\/\/spordiareenid.ee\/en\/wp-json\/wp\/v2\/users\/2"}],"replies":[{"embeddable":true,"href":"https:\/\/spordiareenid.ee\/en\/wp-json\/wp\/v2\/comments?post=8022"}],"version-history":[{"count":12,"href":"https:\/\/spordiareenid.ee\/en\/wp-json\/wp\/v2\/pages\/8022\/revisions"}],"predecessor-version":[{"id":46091,"href":"https:\/\/spordiareenid.ee\/en\/wp-json\/wp\/v2\/pages\/8022\/revisions\/46091"}],"wp:featuredmedia":[{"embeddable":true,"href":"https:\/\/spordiareenid.ee\/en\/wp-json\/wp\/v2\/media\/44857"}],"wp:attachment":[{"href":"https:\/\/spordiareenid.ee\/en\/wp-json\/wp\/v2\/media?parent=8022"}],"curies":[{"name":"wp","href":"https:\/\/api.w.org\/{rel}","templated":true}]}}