{"id":45174,"date":"2024-07-04T08:18:02","date_gmt":"2024-07-04T08:18:02","guid":{"rendered":"https:\/\/spordiareenid.ee\/?page_id=45174"},"modified":"2025-08-27T22:27:52","modified_gmt":"2025-08-27T22:27:52","slug":"privacy-policy","status":"publish","type":"page","link":"https:\/\/spordiareenid.ee\/en\/privacy-policy\/","title":{"rendered":"Privacy Policy"},"content":{"rendered":"\t\t<div data-elementor-type=\"wp-page\" data-elementor-id=\"45174\" class=\"elementor elementor-45174\" data-elementor-post-type=\"page\">\n\t\t\t\t\t\t<section class=\"elementor-section elementor-top-section elementor-element elementor-element-b6fabfd elementor-section-boxed elementor-section-height-default elementor-section-height-default\" data-id=\"b6fabfd\" data-element_type=\"section\">\n\t\t\t\t\t\t<div class=\"elementor-container elementor-column-gap-default\">\n\t\t\t\t\t<div class=\"elementor-column elementor-col-100 elementor-top-column elementor-element elementor-element-a755c54\" data-id=\"a755c54\" data-element_type=\"column\">\n\t\t\t<div class=\"elementor-widget-wrap elementor-element-populated\">\n\t\t\t\t\t\t<div class=\"elementor-element elementor-element-06b8298 elementor-widget elementor-widget-html\" data-id=\"06b8298\" data-element_type=\"widget\" data-widget_type=\"html.default\">\n\t\t\t\t<div class=\"elementor-widget-container\">\n\t\t\t\t\t<h1 class=\"privacy-policy-h1\">Privacy Policy\n<br><span>Last Updated On 02-Jul-2024<\/span>\n<br><span>Effective Date 02-Jul-2024<\/span>\n<\/h1>\n\n<p class=\"privacy-policy-p\">\n    This Privacy Policy describes the policies of\n\n    O\u00dc Spordiareenid,\n    Soola tn 3,\n    Tartumaa\n    51004,\n    Estonia,\n    email: mario@spordiareenid.ee,\n    phone: +372 55 598 316\n\n    on the collection,\n    use and disclosure of your information that we collect\n    when you use our website ( https:\/\/spordiareenid.ee ).\n    (the \u201cService\u201d). By accessing or using\n    the\n    Service, you are consenting to the collection, use and\n    disclosure of your information in accordance with this\n    Privacy Policy. If you do not consent to the same,\n    please do not access or use the Service.\n<\/p>\n\n<p class=\"privacy-policy-p\">\n    We may modify this Privacy Policy at any time without\n    any prior notice to you and will post the revised\n    Privacy Policy on the Service. The revised Policy will\n    be effective 180 days from when the\n    revised Policy is posted in the Service and your\n    continued access or use of the Service after such time\n    will constitute your acceptance of the revised Privacy\n    Policy. We therefore recommend that you periodically\n    review this page.\n<\/p>\n\n<ol class=\"privacy-policy-ol\">\n        <li>\n        <h2 class=\"privacy-policy-h2\">\n            Information We Collect:\n        <\/h2>\n\n        \n        <p class=\"privacy-policy-p\">\n            We will collect and process the following\n            personal information about you:\n        <\/p>\n        <ol class=\"privacy-policy-ol\">\n\n                        <li>Name<\/li>\n            \n                        <li>Email<\/li>\n            \n                        <li>Mobile<\/li>\n            \n            \n            \n            \n            \n                        \n                                    \n        <\/ol>\n        \n\n        \n\n    <\/li>\n\n    \n    \n\n        <li>\n        <h2 class=\"privacy-policy-h2\">\n            How We Use Your Information:\n        <\/h2>\n        <p class=\"privacy-policy-p\">\n            We will use the information that we collect\n            about you for the following purposes:\n        <\/p>\n        <ol class=\"privacy-policy-ol\">\n\n            \n            \n            \n                        <li>Customer feedback collection<\/li>\n            \n            \n            \n                        <li>Support<\/li>\n            \n            \n            \n            \n            \n            \n            \n            \n        <\/ol>\n        <p class=\"privacy-policy-p\">\n            If we want to use your information for any other\n            purpose, we will ask you for consent and will\n            use your information only on receiving your\n            consent and then, only for the purpose(s) for\n            which grant consent unless we are required to do\n            otherwise by law.\n        <\/p>\n    <\/li>\n    \n    \n    <li>\n        <h2 class=\"privacy-policy-h2\">\n            How We Share Your Information:\n        <\/h2>\n\n\n                <p class=\"privacy-policy-p\">\n            We will not transfer your personal information\n            to any third party without seeking your consent,\n            except in limited circumstances as described\n            below:\n        <\/p>\n        <ol class=\"privacy-policy-ol\">\n            \n            \n            \n            \n                        <li>Analytics<\/li>\n            \n            \n                    <\/ol>\n        \n        <p class=\"privacy-policy-p\">\n            We require such third party\u2019s to use the\n            personal information we transfer to them only\n            for the purpose for which it was transferred and\n            not to retain it for longer than is required for\n            fulfilling the said purpose.\n        <\/p>\n        <p class=\"privacy-policy-p\">\n            We may also disclose your personal information\n            for the following: (1) to comply with applicable\n            law, regulation, court order or other legal\n            process; (2) to enforce your agreements with us,\n            including this Privacy Policy; or (3) to respond\n            to claims that your use of the Service violates\n            any third-party rights. If the Service or our\n            company is merged or acquired with another\n            company, your information will be one of the\n            assets that is transferred to the new owner.\n        <\/p>\n    <\/li>\n    \n\n        <li>\n        <h2 class=\"privacy-policy-h2\">\n            Retention Of Your Information:\n        <\/h2>\n        <p class=\"privacy-policy-p\">\n            We will retain your personal information with us\n            for\n                        90 days to 2 years after users terminate their accounts\n                        or for as\n            long as we need it to fulfill the purposes for\n            which it was collected as detailed in this\n            Privacy Policy. We may need to retain certain\n            information for longer periods such as\n            record-keeping \/ reporting in accordance with\n            applicable law or for other legitimate reasons\n            like enforcement of legal rights, fraud\n            prevention, etc. Residual anonymous information\n            and aggregate information, neither of which\n            identifies you (directly or indirectly), may be\n            stored indefinitely.\n        <\/p>\n    <\/li>\n    \n    <li>\n        <h2 class=\"privacy-policy-h2\">\n            Your Rights:\n        <\/h2>\n        <p class=\"privacy-policy-p\">\n            Depending on the law that applies, you may have\n            a right to access and rectify or erase your\n            personal data or receive a copy of your personal\n            data, restrict or object to the active\n            processing of your data, ask us to share (port)\n            your personal information to another entity,\n            withdraw any consent you provided to us to\n            process your data, a right to lodge a complaint\n            with a statutory authority and such other rights\n            as may be relevant under applicable laws. To\n            exercise these rights, you can write to us at\n            mario@spordiareenid.ee.\n            We will respond to your\n            request in accordance with applicable law.\n        <\/p>\n\n        \n        <p class=\"privacy-policy-p\">\n            Do note that if you do not allow us to collect\n            or process the required personal information or\n            withdraw the consent to process the same for the\n            required purposes, you may not be able to access\n            or use the services for which your information\n            was sought.\n        <\/p>\n    <\/li>\n        <li>\n        <h2 class=\"privacy-policy-h2\">\n            Cookies Etc.\n        <\/h2>\n        <p class=\"privacy-policy-p\">\n\n            \n            To learn more about how we use these\n            and your choices in relation to these tracking\n            technologies, please refer to our\n            <a href=\"https:\/\/spordiareenid.ee\/cookie-policy\">Cookie Policy.<\/a>\n        <\/p>\n    <\/li>\n    \n    <li>\n        <h2 class=\"privacy-policy-h2\">\n            Security:\n        <\/h2>\n        <p class=\"privacy-policy-p\">\n            The security of your information is important to\n            us and we will use reasonable security measures\n            to prevent the loss, misuse or unauthorized\n            alteration of your information under our\n            control. However, given the inherent risks, we\n            cannot guarantee absolute security and\n            consequently, we cannot ensure or warrant the\n            security of any information you transmit to us\n            and you do so at your own risk.\n        <\/p>\n    <\/li>\n\n        <li>\n        <h2 class=\"privacy-policy-h2\">\n            Third Party Links & Use Of Your Information:\n        <\/h2>\n        <p class=\"privacy-policy-p\">\n            Our Service may contain links to other websites\n            that are not operated by us. This Privacy Policy\n            does not address the privacy policy and other\n            practices of any third parties, including any\n            third party operating any website or service\n            that may be accessible via a link on the\n            Service. We strongly advise you to review the\n            privacy policy of every site you visit. We have\n            no control over and assume no responsibility for\n            the content, privacy policies or practices of\n            any third party sites or services.\n        <\/p>\n    <\/li>\n    \n    <li>\n        <h2 class=\"privacy-policy-h2\">\n            Grievance \/ Data Protection Officer:\n        <\/h2>\n        <p class=\"privacy-policy-p\">\n            If you have any queries or concerns about the\n            processing of your information that is available\n            with us, you may email our Grievance Officer at\n            O\u00dc Spordiareenid,\n            Soola tn 3,\n            email: mario@spordiareenid.ee.\n            We will address your concerns in accordance with applicable law.\n        <\/p>\n    <\/li>\n<\/ol>\t\t\t\t<\/div>\n\t\t\t\t<\/div>\n\t\t\t\t\t<\/div>\n\t\t<\/div>\n\t\t\t\t\t<\/div>\n\t\t<\/section>\n\t\t\t\t<\/div>\n\t\t","protected":false},"excerpt":{"rendered":"<p>Privacy Policy Last Updated On 02-Jul-2024 Effective Date 02-Jul-2024 This Privacy Policy describes the policies of O\u00dc Spordiareenid, Soola tn 3, Tartumaa 51004, Estonia, email: mario@spordiareenid.ee, phone: +372 55 598 316 on the collection, use and disclosure of your information that we collect when you use our website ( https:\/\/spordiareenid.ee ). (the \u201cService\u201d). By accessing [&hellip;]<\/p>\n","protected":false},"author":2,"featured_media":0,"parent":0,"menu_order":0,"comment_status":"closed","ping_status":"closed","template":"","meta":{"_acf_changed":false,"inline_featured_image":false,"footnotes":""},"class_list":["post-45174","page","type-page","status-publish","hentry"],"acf":[],"yoast_head":"<!-- This site is optimized with the Yoast SEO plugin v25.7 - https:\/\/yoast.com\/wordpress\/plugins\/seo\/ -->\n<title>Privacy Policy - spordiareenid.ee<\/title>\n<meta name=\"description\" content=\"Spordiv\u00e4ljakute ehitamine, spordiv\u00e4ljakute hooldus, spordiinventari m\u00fc\u00fck ja paigaldus, konsultatsioon\" \/>\n<meta name=\"robots\" content=\"index, follow, max-snippet:-1, max-image-preview:large, max-video-preview:-1\" \/>\n<link rel=\"canonical\" href=\"https:\/\/spordiareenid.ee\/en\/privacy-policy\/\" \/>\n<meta property=\"og:locale\" content=\"en_US\" \/>\n<meta property=\"og:type\" content=\"article\" \/>\n<meta property=\"og:title\" content=\"Privacy Policy - spordiareenid.ee\" \/>\n<meta property=\"og:description\" content=\"Spordiv\u00e4ljakute ehitamine, spordiv\u00e4ljakute hooldus, spordiinventari m\u00fc\u00fck ja paigaldus, konsultatsioon\" \/>\n<meta property=\"og:url\" content=\"https:\/\/spordiareenid.ee\/en\/privacy-policy\/\" \/>\n<meta property=\"og:site_name\" content=\"spordiareenid.ee\" \/>\n<meta property=\"article:publisher\" content=\"https:\/\/www.facebook.com\/spordiareenid\" \/>\n<meta property=\"article:modified_time\" content=\"2025-08-27T22:27:52+00:00\" \/>\n<meta name=\"twitter:card\" content=\"summary_large_image\" \/>\n<meta name=\"twitter:label1\" content=\"Est. reading time\" \/>\n\t<meta name=\"twitter:data1\" content=\"4 minutes\" \/>\n<script type=\"application\/ld+json\" class=\"yoast-schema-graph\">{\"@context\":\"https:\/\/schema.org\",\"@graph\":[{\"@type\":\"WebPage\",\"@id\":\"https:\/\/spordiareenid.ee\/en\/privacy-policy\/\",\"url\":\"https:\/\/spordiareenid.ee\/en\/privacy-policy\/\",\"name\":\"Privacy Policy - spordiareenid.ee\",\"isPartOf\":{\"@id\":\"https:\/\/spordiareenid.ee\/#website\"},\"datePublished\":\"2024-07-04T08:18:02+00:00\",\"dateModified\":\"2025-08-27T22:27:52+00:00\",\"description\":\"Spordiv\u00e4ljakute ehitamine, spordiv\u00e4ljakute hooldus, spordiinventari m\u00fc\u00fck ja paigaldus, konsultatsioon\",\"breadcrumb\":{\"@id\":\"https:\/\/spordiareenid.ee\/en\/privacy-policy\/#breadcrumb\"},\"inLanguage\":\"en-US\",\"potentialAction\":[{\"@type\":\"ReadAction\",\"target\":[\"https:\/\/spordiareenid.ee\/en\/privacy-policy\/\"]}]},{\"@type\":\"BreadcrumbList\",\"@id\":\"https:\/\/spordiareenid.ee\/en\/privacy-policy\/#breadcrumb\",\"itemListElement\":[{\"@type\":\"ListItem\",\"position\":1,\"name\":\"Home\",\"item\":\"https:\/\/spordiareenid.ee\/en\/\"},{\"@type\":\"ListItem\",\"position\":2,\"name\":\"Privacy Policy\"}]},{\"@type\":\"WebSite\",\"@id\":\"https:\/\/spordiareenid.ee\/#website\",\"url\":\"https:\/\/spordiareenid.ee\/\",\"name\":\"spordiareenid.ee\",\"description\":\"Spordiv&auml;ljakute rajamise spetsialist - Spordiareenid O&Uuml;\",\"publisher\":{\"@id\":\"https:\/\/spordiareenid.ee\/#organization\"},\"potentialAction\":[{\"@type\":\"SearchAction\",\"target\":{\"@type\":\"EntryPoint\",\"urlTemplate\":\"https:\/\/spordiareenid.ee\/?s={search_term_string}\"},\"query-input\":{\"@type\":\"PropertyValueSpecification\",\"valueRequired\":true,\"valueName\":\"search_term_string\"}}],\"inLanguage\":\"en-US\"},{\"@type\":\"Organization\",\"@id\":\"https:\/\/spordiareenid.ee\/#organization\",\"name\":\"Spordiareenid\",\"url\":\"https:\/\/spordiareenid.ee\/\",\"logo\":{\"@type\":\"ImageObject\",\"inLanguage\":\"en-US\",\"@id\":\"https:\/\/spordiareenid.ee\/#\/schema\/logo\/image\/\",\"url\":\"https:\/\/spordiareenid.ee\/wp-content\/uploads\/2022\/06\/Spordiareenid.png\",\"contentUrl\":\"https:\/\/spordiareenid.ee\/wp-content\/uploads\/2022\/06\/Spordiareenid.png\",\"width\":170,\"height\":170,\"caption\":\"Spordiareenid\"},\"image\":{\"@id\":\"https:\/\/spordiareenid.ee\/#\/schema\/logo\/image\/\"},\"sameAs\":[\"https:\/\/www.facebook.com\/spordiareenid\",\"https:\/\/www.instagram.com\/spordiareenid\/\"]}]}<\/script>\n<!-- \/ Yoast SEO plugin. -->","yoast_head_json":{"title":"Privacy Policy - spordiareenid.ee","description":"Spordiv\u00e4ljakute ehitamine, spordiv\u00e4ljakute hooldus, spordiinventari m\u00fc\u00fck ja paigaldus, konsultatsioon","robots":{"index":"index","follow":"follow","max-snippet":"max-snippet:-1","max-image-preview":"max-image-preview:large","max-video-preview":"max-video-preview:-1"},"canonical":"https:\/\/spordiareenid.ee\/en\/privacy-policy\/","og_locale":"en_US","og_type":"article","og_title":"Privacy Policy - spordiareenid.ee","og_description":"Spordiv\u00e4ljakute ehitamine, spordiv\u00e4ljakute hooldus, spordiinventari m\u00fc\u00fck ja paigaldus, konsultatsioon","og_url":"https:\/\/spordiareenid.ee\/en\/privacy-policy\/","og_site_name":"spordiareenid.ee","article_publisher":"https:\/\/www.facebook.com\/spordiareenid","article_modified_time":"2025-08-27T22:27:52+00:00","twitter_card":"summary_large_image","twitter_misc":{"Est. reading time":"4 minutes"},"schema":{"@context":"https:\/\/schema.org","@graph":[{"@type":"WebPage","@id":"https:\/\/spordiareenid.ee\/en\/privacy-policy\/","url":"https:\/\/spordiareenid.ee\/en\/privacy-policy\/","name":"Privacy Policy - spordiareenid.ee","isPartOf":{"@id":"https:\/\/spordiareenid.ee\/#website"},"datePublished":"2024-07-04T08:18:02+00:00","dateModified":"2025-08-27T22:27:52+00:00","description":"Spordiv\u00e4ljakute ehitamine, spordiv\u00e4ljakute hooldus, spordiinventari m\u00fc\u00fck ja paigaldus, konsultatsioon","breadcrumb":{"@id":"https:\/\/spordiareenid.ee\/en\/privacy-policy\/#breadcrumb"},"inLanguage":"en-US","potentialAction":[{"@type":"ReadAction","target":["https:\/\/spordiareenid.ee\/en\/privacy-policy\/"]}]},{"@type":"BreadcrumbList","@id":"https:\/\/spordiareenid.ee\/en\/privacy-policy\/#breadcrumb","itemListElement":[{"@type":"ListItem","position":1,"name":"Home","item":"https:\/\/spordiareenid.ee\/en\/"},{"@type":"ListItem","position":2,"name":"Privacy Policy"}]},{"@type":"WebSite","@id":"https:\/\/spordiareenid.ee\/#website","url":"https:\/\/spordiareenid.ee\/","name":"spordiareenid.ee","description":"Spordiv&auml;ljakute rajamise spetsialist - Spordiareenid O&Uuml;","publisher":{"@id":"https:\/\/spordiareenid.ee\/#organization"},"potentialAction":[{"@type":"SearchAction","target":{"@type":"EntryPoint","urlTemplate":"https:\/\/spordiareenid.ee\/?s={search_term_string}"},"query-input":{"@type":"PropertyValueSpecification","valueRequired":true,"valueName":"search_term_string"}}],"inLanguage":"en-US"},{"@type":"Organization","@id":"https:\/\/spordiareenid.ee\/#organization","name":"Spordiareenid","url":"https:\/\/spordiareenid.ee\/","logo":{"@type":"ImageObject","inLanguage":"en-US","@id":"https:\/\/spordiareenid.ee\/#\/schema\/logo\/image\/","url":"https:\/\/spordiareenid.ee\/wp-content\/uploads\/2022\/06\/Spordiareenid.png","contentUrl":"https:\/\/spordiareenid.ee\/wp-content\/uploads\/2022\/06\/Spordiareenid.png","width":170,"height":170,"caption":"Spordiareenid"},"image":{"@id":"https:\/\/spordiareenid.ee\/#\/schema\/logo\/image\/"},"sameAs":["https:\/\/www.facebook.com\/spordiareenid","https:\/\/www.instagram.com\/spordiareenid\/"]}]}},"_links":{"self":[{"href":"https:\/\/spordiareenid.ee\/en\/wp-json\/wp\/v2\/pages\/45174","targetHints":{"allow":["GET"]}}],"collection":[{"href":"https:\/\/spordiareenid.ee\/en\/wp-json\/wp\/v2\/pages"}],"about":[{"href":"https:\/\/spordiareenid.ee\/en\/wp-json\/wp\/v2\/types\/page"}],"author":[{"embeddable":true,"href":"https:\/\/spordiareenid.ee\/en\/wp-json\/wp\/v2\/users\/2"}],"replies":[{"embeddable":true,"href":"https:\/\/spordiareenid.ee\/en\/wp-json\/wp\/v2\/comments?post=45174"}],"version-history":[{"count":16,"href":"https:\/\/spordiareenid.ee\/en\/wp-json\/wp\/v2\/pages\/45174\/revisions"}],"predecessor-version":[{"id":45977,"href":"https:\/\/spordiareenid.ee\/en\/wp-json\/wp\/v2\/pages\/45174\/revisions\/45977"}],"wp:attachment":[{"href":"https:\/\/spordiareenid.ee\/en\/wp-json\/wp\/v2\/media?parent=45174"}],"curies":[{"name":"wp","href":"https:\/\/api.w.org\/{rel}","templated":true}]}}